{"id":10,"date":"2023-09-14T18:48:59","date_gmt":"2023-09-14T21:48:59","guid":{"rendered":"https:\/\/iptvsmartersbrasil.com\/?page_id=10"},"modified":"2024-08-21T13:32:55","modified_gmt":"2024-08-21T16:32:55","slug":"elementor-10","status":"publish","type":"page","link":"https:\/\/ultrasjctv.com\/","title":{"rendered":"Elementor #10"},"content":{"rendered":"<style>\/*! elementor - v3.15.0 - 20-08-2023 *\/\n.elementor-heading-title{padding:0;margin:0;line-height:1}.elementor-widget-heading .elementor-heading-title[class*=elementor-size-]>a{color:inherit;font-size:inherit;line-height:inherit}.elementor-widget-heading .elementor-heading-title.elementor-size-small{font-size:15px}.elementor-widget-heading .elementor-heading-title.elementor-size-medium{font-size:19px}.elementor-widget-heading .elementor-heading-title.elementor-size-large{font-size:29px}.elementor-widget-heading .elementor-heading-title.elementor-size-xl{font-size:39px}.elementor-widget-heading .elementor-heading-title.elementor-size-xxl{font-size:59px}<\/style>\n<h2>ULTRA SJCampos<\/h2>\n<p>A MELHOR LISTA DE CANAIS, FILMES E S\u00c9RIES QUE VOC\u00ca VER\u00c1 EM SUA VIDA.<\/p>\n<style>\/*! elementor - v3.15.0 - 20-08-2023 *\/\n.elementor-widget-image{text-align:center}.elementor-widget-image a{display:inline-block}.elementor-widget-image a img[src$=\".svg\"]{width:48px}.elementor-widget-image img{vertical-align:middle;display:inline-block}<\/style>\n<p>\t\t\t\t\t\t\t\t\t\t\t\t<img decoding=\"async\" width=\"806\" height=\"248\" src=\"https:\/\/ultrasjctv.com\/wp-content\/uploads\/2023\/09\/HD-1.png\" alt=\"\" loading=\"lazy\" srcset=\"https:\/\/ultrasjctv.com\/wp-content\/uploads\/2023\/09\/HD-1.png 806w, https:\/\/ultrasjctv.com\/wp-content\/uploads\/2023\/09\/HD-1-300x92.png 300w, https:\/\/ultrasjctv.com\/wp-content\/uploads\/2023\/09\/HD-1-768x236.png 768w\" sizes=\"(max-width: 806px) 100vw, 806px\" \/><br \/>\n\t\t\t<a href=\"https:\/\/api.whatsapp.com\/send\/?phone=5511916223446&#038;text=Ol%C3%A1%2C+Gostaria+de+fazer+um+teste+Gratuito%2C+Estou+vindo+do+Site+ultrasjctv.com\"><br \/>\n\t\t\t\t\t\tREALIZAR TESTE GR\u00c1TIS<br \/>\n\t\t\t\t\t<\/a><\/p>\n<p>QUER ASSISTIR TUDO QUE QUISER EM UM S\u00d3 LUGAR PAGANDO UM PRE\u00c7O JUSTO?<\/p>\n<p>https:\/\/sp.rmbl.ws\/s8\/2\/R\/b\/D\/r\/RbDrg.baa.mp4<\/p>\n<p>ASSISTA AO V\u00cdDEO ACIMA E VEJA COMO FUNCIONA<\/p>\n<p>\t\t\t<a href=\"https:\/\/api.whatsapp.com\/send\/?phone=5511916223446&#038;text=Ol%C3%A1%2C+Gostaria+de+fazer+um+teste+Gratuito%2C+Estou+vindo+do+Site+ultrasjctv.com\"><br \/>\n\t\t\t\t\t\tQUERO REALIZAR UM TESTE GR\u00c1TIS<br \/>\n\t\t\t\t\t<\/a><\/p>\n<p>ASSISTA<\/p>\n<p>AONDE VOC\u00ca QUISER!<\/p>\n<p>A SMARTERS BRASIL oferece um aplicativo totalmente exclusivo compat\u00edvel com seu celular, televisores, aparelhos tv box, video games e muito mais. Basta baixa-lo e assistir tudo o que quiser e quando quiser.<\/p>\n<style>\/*! elementor - v3.15.0 - 20-08-2023 *\/\n.elementor-widget-image-carousel .swiper,.elementor-widget-image-carousel .swiper-container{position:static}.elementor-widget-image-carousel .swiper-container .swiper-slide figure,.elementor-widget-image-carousel .swiper .swiper-slide figure{line-height:inherit}.elementor-widget-image-carousel .swiper-slide{text-align:center}.elementor-image-carousel-wrapper:not(.swiper-container-initialized):not(.swiper-initialized) .swiper-slide{max-width:calc(100% \/ var(--e-image-carousel-slides-to-show, 3))}<\/style>\n<figure><img decoding=\"async\" src=\"https:\/\/ultrasjctv.com\/wp-content\/uploads\/2023\/09\/4.jpg\" alt=\"4.jpg\" \/><\/figure>\n<figure><img decoding=\"async\" src=\"https:\/\/ultrasjctv.com\/wp-content\/uploads\/2023\/09\/5.jpg\" alt=\"5.jpg\" \/><\/figure>\n<figure><img decoding=\"async\" src=\"https:\/\/ultrasjctv.com\/wp-content\/uploads\/2023\/09\/7.jpg\" alt=\"7.jpg\" \/><\/figure>\n<figure><img decoding=\"async\" src=\"https:\/\/ultrasjctv.com\/wp-content\/uploads\/2023\/09\/9.jpg\" alt=\"9.jpg\" \/><\/figure>\n<figure><img decoding=\"async\" src=\"https:\/\/ultrasjctv.com\/wp-content\/uploads\/2023\/09\/10.jpg\" alt=\"10.jpg\" \/><\/figure>\n<figure><img decoding=\"async\" src=\"https:\/\/ultrasjctv.com\/wp-content\/uploads\/2023\/09\/11.jpg\" alt=\"11.jpg\" \/><\/figure>\n<figure><img decoding=\"async\" src=\"https:\/\/ultrasjctv.com\/wp-content\/uploads\/2023\/09\/13.jpg\" alt=\"13.jpg\" \/><\/figure>\n<figure><img decoding=\"async\" src=\"https:\/\/ultrasjctv.com\/wp-content\/uploads\/2023\/09\/14.jpg\" alt=\"14.jpg\" \/><\/figure>\n<figure><img decoding=\"async\" src=\"https:\/\/ultrasjctv.com\/wp-content\/uploads\/2023\/09\/15.jpg\" alt=\"15.jpg\" \/><\/figure>\n<figure><img decoding=\"async\" src=\"https:\/\/ultrasjctv.com\/wp-content\/uploads\/2023\/09\/item6-2.png\" alt=\"item6-2.png\" \/><\/figure>\n<figure><img decoding=\"async\" src=\"https:\/\/ultrasjctv.com\/wp-content\/uploads\/2023\/09\/item5.png\" alt=\"item5.png\" \/><\/figure>\n<figure><img decoding=\"async\" src=\"https:\/\/ultrasjctv.com\/wp-content\/uploads\/2023\/09\/item4.png\" alt=\"item4.png\" \/><\/figure>\n<figure><img decoding=\"async\" src=\"https:\/\/ultrasjctv.com\/wp-content\/uploads\/2023\/09\/item3.png\" alt=\"item3.png\" \/><\/figure>\n<figure><img decoding=\"async\" src=\"https:\/\/ultrasjctv.com\/wp-content\/uploads\/2023\/09\/item2.png\" alt=\"item2.png\" \/><\/figure>\n<figure><img decoding=\"async\" src=\"https:\/\/ultrasjctv.com\/wp-content\/uploads\/2023\/09\/item9-2.png\" alt=\"item9-2.png\" \/><\/figure>\n<p>\t\t\t\t\t\t\t\t\t\t\t\t\t\t\t<img decoding=\"async\" width=\"200\" height=\"190\" src=\"https:\/\/ultrasjctv.com\/wp-content\/uploads\/2023\/09\/ITEM1-4.png\" alt=\"\" loading=\"lazy\" \/>\t\t\t\t\t\t\t\t\t\t\t\t\t\t\t<\/p>\n<p>+ De 50 mil\u00a0conte\u00fados entre canais abertos e fechados<\/p>\n<p>\t\t\t\t\t\t\t\t\t\t\t\t\t\t\t<img decoding=\"async\" width=\"200\" height=\"172\" src=\"https:\/\/ultrasjctv.com\/wp-content\/uploads\/2023\/09\/ITEM2-4.png\" alt=\"\" loading=\"lazy\" \/>\t\t\t\t\t\t\t\t\t\t\t\t\t\t\t<\/p>\n<p>Os melhores filmes e s\u00e9ries incluindo os novos lan\u00e7amentos<\/p>\n<p>\t\t\t\t\t\t\t\t\t\t\t\t\t\t\t<img decoding=\"async\" width=\"200\" height=\"198\" src=\"https:\/\/ultrasjctv.com\/wp-content\/uploads\/2023\/09\/ITEM4-3.png\" alt=\"\" loading=\"lazy\" srcset=\"https:\/\/ultrasjctv.com\/wp-content\/uploads\/2023\/09\/ITEM4-3.png 200w, https:\/\/ultrasjctv.com\/wp-content\/uploads\/2023\/09\/ITEM4-3-150x150.png 150w\" sizes=\"(max-width: 200px) 100vw, 200px\" \/>\t\t\t\t\t\t\t\t\t\t\t\t\t\t\t<\/p>\n<p>Absolutamente todos os\u00a0canais de esportes,\u00a0infantis e adultos<\/p>\n<p>\t\t\t\t\t\t\t\t\t\t\t\t\t\t\t<img decoding=\"async\" width=\"164\" height=\"210\" src=\"https:\/\/ultrasjctv.com\/wp-content\/uploads\/2023\/09\/ITEM3-4.png\" alt=\"\" loading=\"lazy\" \/>\t\t\t\t\t\t\t\t\t\t\t\t\t\t\t<\/p>\n<p>Atualiza\u00e7\u00e3o Semanal: Nosso sistema adiciona e\u00a0atualiza o cat\u00e1logo\u00a0semanalmente<\/p>\n<p>\t\t\t\t\t\t\t\t\t\t\t\t\t\t\t<img decoding=\"async\" width=\"200\" height=\"140\" src=\"https:\/\/ultrasjctv.com\/wp-content\/uploads\/2023\/09\/ITEM5-2.png\" alt=\"\" loading=\"lazy\" \/>\t\t\t\t\t\t\t\t\t\t\t\t\t\t\t<\/p>\n<p>Na Conecty, al\u00e9m do mais completo conte\u00fado de entretenimento, voc\u00ea ainda assiste tudo em\u00a0alt\u00edssima qualidade<\/p>\n<p>\t\t\t\t\t\t\t\t\t\t\t\t\t\t\t<img decoding=\"async\" width=\"500\" height=\"311\" src=\"https:\/\/ultrasjctv.com\/wp-content\/uploads\/2023\/09\/MONITOR-FILMES.png\" alt=\"\" loading=\"lazy\" srcset=\"https:\/\/ultrasjctv.com\/wp-content\/uploads\/2023\/09\/MONITOR-FILMES.png 500w, https:\/\/ultrasjctv.com\/wp-content\/uploads\/2023\/09\/MONITOR-FILMES-300x187.png 300w\" sizes=\"(max-width: 500px) 100vw, 500px\" \/>\t\t\t\t\t\t\t\t\t\t\t\t\t\t\t<\/p>\n<p>TODOS SERVI\u00c7OS DE STREAMINGS LIBERADOS<\/p>\n<p>Acesso total a todos conte\u00fados da Globo Play, Netflix, HBO Max, Amazon Prime, Disney, Starz Play e muito mais, tudo liberado direto no sistema!<\/p>\n<p>\t\t\t\t\t\t\t\t\t\t\t\t\t\t\t<img decoding=\"async\" width=\"1024\" height=\"59\" src=\"https:\/\/ultrasjctv.com\/wp-content\/uploads\/2023\/09\/logos-1024x59-1.png\" alt=\"\" loading=\"lazy\" srcset=\"https:\/\/ultrasjctv.com\/wp-content\/uploads\/2023\/09\/logos-1024x59-1.png 1024w, https:\/\/ultrasjctv.com\/wp-content\/uploads\/2023\/09\/logos-1024x59-1-300x17.png 300w, https:\/\/ultrasjctv.com\/wp-content\/uploads\/2023\/09\/logos-1024x59-1-768x44.png 768w\" sizes=\"(max-width: 1024px) 100vw, 1024px\" \/><br \/>\n\t\t\t<a href=\"https:\/\/api.whatsapp.com\/send\/?phone=5511916223446&#038;text=Ol%C3%A1%2C+Gostaria+de+fazer+um+teste+Gratuito%2C+Estou+vindo+do+Site+ultrasjctv.com\"><br \/>\n\t\t\t\t\t\tQUERO REALIZAR UM TESTE GR\u00c1TIS<br \/>\n\t\t\t\t\t<\/a><\/p>\n<p>CONHE\u00c7A NOSSAS OFERTAS<\/p>\n<h2>Fa\u00e7a parte dessa fam\u00edlia hoje mesmo. Plano sem fidelidade de forma pr\u00e9-paga, sem surpresas e de maneira simples.<br \/>\n<\/h2>\n<h2>MENSAL<\/h2>\n<link rel=\"stylesheet\" href=\"https:\/\/ultrasjctv.com\/wp-content\/plugins\/elementor\/assets\/css\/widget-icon-list.min.css\">\n<ul>\n<li>\n\t\t\t\t\t\t\t\t\t\t+ DE 50.000 CONTE\u00daDOS\n\t\t\t\t\t\t\t\t\t<\/li>\n<li>\n\t\t\t\t\t\t\t\t\t\tQUALIDADE 4K\/FHD\/HD\/SD\n\t\t\t\t\t\t\t\t\t<\/li>\n<li>\n\t\t\t\t\t\t\t\t\t\tGUIA DE PROGRAMA\u00c7\u00c3O [EPG]\n\t\t\t\t\t\t\t\t\t<\/li>\n<li>\n\t\t\t\t\t\t\t\t\t\t CANAIS LEGENDADOS\n\t\t\t\t\t\t\t\t\t<\/li>\n<li>\n\t\t\t\t\t\t\t\t\t\t ASSISTA NA SMART TV\n\t\t\t\t\t\t\t\t\t<\/li>\n<li>\n\t\t\t\t\t\t\t\t\t\tASSISTA NO COMPUTADOR\n\t\t\t\t\t\t\t\t\t<\/li>\n<li>\n\t\t\t\t\t\t\t\t\t\tASSISTA NO SMARTPHONE\/TABLET\n\t\t\t\t\t\t\t\t\t<\/li>\n<li>\n\t\t\t\t\t\t\t\t\t\tASSISTA NO TV BOX\/CHROMECAST\n\t\t\t\t\t\t\t\t\t<\/li>\n<li>\n\t\t\t\t\t\t\t\t\t\tPROGRAMA\u00c7\u00c3O ADULTOS [OPCIONAL]\n\t\t\t\t\t\t\t\t\t<\/li>\n<li>\n\t\t\t\t\t\t\t\t\t\tATUALIZA\u00c7\u00d5ES DE CAT\u00c1LOGO SEMANAIS\n\t\t\t\t\t\t\t\t\t<\/li>\n<\/ul>\n<h2>R$29,90<\/h2>\n<p>\t\t\t<a href=\"https:\/\/api.whatsapp.com\/send\/?phone=5512991171622&#038;text=Me%20interessei%20no+plano+mensal%2C%20Posso%20%20testar%20antes?%20Estou+vindo+do+Site+https:\/\/ultrasjctv.com\/&#038;type=phone_number&#038;app_absent=0\"><br \/>\n\t\t\t\t\t\tTESTAR PLANO MENSAL<br \/>\n\t\t\t\t\t<\/a><\/p>\n<h2>TRIMESTRAL<\/h2>\n<ul>\n<li>\n\t\t\t\t\t\t\t\t\t\t+ DE 50.000 CONTE\u00daDOS\n\t\t\t\t\t\t\t\t\t<\/li>\n<li>\n\t\t\t\t\t\t\t\t\t\tQUALIDADE 4K\/FHD\/HD\/SD\n\t\t\t\t\t\t\t\t\t<\/li>\n<li>\n\t\t\t\t\t\t\t\t\t\tGUIA DE PROGRAMA\u00c7\u00c3O [EPG]\n\t\t\t\t\t\t\t\t\t<\/li>\n<li>\n\t\t\t\t\t\t\t\t\t\t CANAIS LEGENDADOS\n\t\t\t\t\t\t\t\t\t<\/li>\n<li>\n\t\t\t\t\t\t\t\t\t\t ASSISTA NA SMART TV\n\t\t\t\t\t\t\t\t\t<\/li>\n<li>\n\t\t\t\t\t\t\t\t\t\tASSISTA NO COMPUTADOR\n\t\t\t\t\t\t\t\t\t<\/li>\n<li>\n\t\t\t\t\t\t\t\t\t\tASSISTA NO SMARTPHONE\/TABLET\n\t\t\t\t\t\t\t\t\t<\/li>\n<li>\n\t\t\t\t\t\t\t\t\t\tASSISTA NO TV BOX\/CHROMECAST\n\t\t\t\t\t\t\t\t\t<\/li>\n<li>\n\t\t\t\t\t\t\t\t\t\tPROGRAMA\u00c7\u00c3O ADULTOS [OPCIONAL]\n\t\t\t\t\t\t\t\t\t<\/li>\n<li>\n\t\t\t\t\t\t\t\t\t\tATUALIZA\u00c7\u00d5ES DE CAT\u00c1LOGO SEMANAIS\n\t\t\t\t\t\t\t\t\t<\/li>\n<\/ul>\n<h2>R$80,70<\/h2>\n<p>\t\t\t<a href=\"https:\/\/api.whatsapp.com\/send\/?phone=5511916223446&#038;text=Me%20interessei%20no+plano+Trimestral%2C%20Posso%20%20testar%20antes?%20Estou+vindo+do+Site+https:\/\/ultrasjctv.com\/&#038;type=phone_number&#038;app_absent=0\"><br \/>\n\t\t\t\t\t\tTESTAR PLANO TRIMESTRAL<br \/>\n\t\t\t\t\t<\/a><\/p>\n<h2>SEMESTRAL<\/h2>\n<ul>\n<li>\n\t\t\t\t\t\t\t\t\t\t+ DE 50.000 CONTE\u00daDOS\n\t\t\t\t\t\t\t\t\t<\/li>\n<li>\n\t\t\t\t\t\t\t\t\t\tQUALIDADE 4K\/FHD\/HD\/SD\n\t\t\t\t\t\t\t\t\t<\/li>\n<li>\n\t\t\t\t\t\t\t\t\t\tGUIA DE PROGRAMA\u00c7\u00c3O [EPG]\n\t\t\t\t\t\t\t\t\t<\/li>\n<li>\n\t\t\t\t\t\t\t\t\t\t CANAIS LEGENDADOS\n\t\t\t\t\t\t\t\t\t<\/li>\n<li>\n\t\t\t\t\t\t\t\t\t\t ASSISTA NA SMART TV\n\t\t\t\t\t\t\t\t\t<\/li>\n<li>\n\t\t\t\t\t\t\t\t\t\tASSISTA NO COMPUTADOR\n\t\t\t\t\t\t\t\t\t<\/li>\n<li>\n\t\t\t\t\t\t\t\t\t\tASSISTA NO SMARTPHONE\/TABLET\n\t\t\t\t\t\t\t\t\t<\/li>\n<li>\n\t\t\t\t\t\t\t\t\t\tASSISTA NO TV BOX\/CHROMECAST\n\t\t\t\t\t\t\t\t\t<\/li>\n<li>\n\t\t\t\t\t\t\t\t\t\tPROGRAMA\u00c7\u00c3O ADULTOS [OPCIONAL]\n\t\t\t\t\t\t\t\t\t<\/li>\n<li>\n\t\t\t\t\t\t\t\t\t\tATUALIZA\u00c7\u00d5ES DE CAT\u00c1LOGO SEMANAIS\n\t\t\t\t\t\t\t\t\t<\/li>\n<\/ul>\n<h2>R$143,40<\/h2>\n<p>\t\t\t<a href=\"https:\/\/api.whatsapp.com\/send\/?phone=5511916223446&#038;text=Me%20interessei%20no+plano+Semestral%2C%20Posso%20%20testar%20antes?%20Estou+vindo+do+Site+https:\/\/ultrasjctv.com\/&#038;type=phone_number&#038;app_absent=0\"><br \/>\n\t\t\t\t\t\tTESTAR PLANO SEMESTRAL<br \/>\n\t\t\t\t\t<\/a><\/p>\n<h2>ANUAL<\/h2>\n<ul>\n<li>\n\t\t\t\t\t\t\t\t\t\t+ DE 50.000 CONTE\u00daDOS\n\t\t\t\t\t\t\t\t\t<\/li>\n<li>\n\t\t\t\t\t\t\t\t\t\tQUALIDADE 4K\/FHD\/HD\/SD\n\t\t\t\t\t\t\t\t\t<\/li>\n<li>\n\t\t\t\t\t\t\t\t\t\tGUIA DE PROGRAMA\u00c7\u00c3O [EPG]\n\t\t\t\t\t\t\t\t\t<\/li>\n<li>\n\t\t\t\t\t\t\t\t\t\t CANAIS LEGENDADOS\n\t\t\t\t\t\t\t\t\t<\/li>\n<li>\n\t\t\t\t\t\t\t\t\t\t ASSISTA NA SMART TV\n\t\t\t\t\t\t\t\t\t<\/li>\n<li>\n\t\t\t\t\t\t\t\t\t\tASSISTA NO COMPUTADOR\n\t\t\t\t\t\t\t\t\t<\/li>\n<li>\n\t\t\t\t\t\t\t\t\t\tASSISTA NO SMARTPHONE\/TABLET\n\t\t\t\t\t\t\t\t\t<\/li>\n<li>\n\t\t\t\t\t\t\t\t\t\tASSISTA NO TV BOX\/CHROMECAST\n\t\t\t\t\t\t\t\t\t<\/li>\n<li>\n\t\t\t\t\t\t\t\t\t\tPROGRAMA\u00c7\u00c3O ADULTOS [OPCIONAL]\n\t\t\t\t\t\t\t\t\t<\/li>\n<li>\n\t\t\t\t\t\t\t\t\t\tATUALIZA\u00c7\u00d5ES DE CAT\u00c1LOGO SEMANAIS\n\t\t\t\t\t\t\t\t\t<\/li>\n<\/ul>\n<h2>R$238,80<\/h2>\n<p>\t\t\t<a href=\"https:\/\/api.whatsapp.com\/send\/?phone=5511916223446&#038;text=Me%20interessei%20no+plano+Anual%2C%20Posso%20%20testar%20antes?%20Estou+vindo+do+Site+https:\/\/ultrasjctv.com\/&#038;type=phone_number&#038;app_absent=0\"><br \/>\n\t\t\t\t\t\tTESTAR PLANO ANUAL<br \/>\n\t\t\t\t\t<\/a><\/p>\n<h2>D\u00daVIDAS FREQUENTES<br \/>\n<\/h2>\n<style>\/*! elementor - v3.15.0 - 20-08-2023 *\/\n.elementor-toggle{text-align:left}.elementor-toggle .elementor-tab-title{font-weight:700;line-height:1;margin:0;padding:15px;border-bottom:1px solid #d5d8dc;cursor:pointer;outline:none}.elementor-toggle .elementor-tab-title .elementor-toggle-icon{display:inline-block;width:1em}.elementor-toggle .elementor-tab-title .elementor-toggle-icon svg{-webkit-margin-start:-5px;margin-inline-start:-5px;width:1em;height:1em}.elementor-toggle .elementor-tab-title .elementor-toggle-icon.elementor-toggle-icon-right{float:right;text-align:right}.elementor-toggle .elementor-tab-title .elementor-toggle-icon.elementor-toggle-icon-left{float:left;text-align:left}.elementor-toggle .elementor-tab-title .elementor-toggle-icon .elementor-toggle-icon-closed{display:block}.elementor-toggle .elementor-tab-title .elementor-toggle-icon .elementor-toggle-icon-opened{display:none}.elementor-toggle .elementor-tab-title.elementor-active{border-bottom:none}.elementor-toggle .elementor-tab-title.elementor-active .elementor-toggle-icon-closed{display:none}.elementor-toggle .elementor-tab-title.elementor-active .elementor-toggle-icon-opened{display:block}.elementor-toggle .elementor-tab-content{padding:15px;border-bottom:1px solid #d5d8dc;display:none}@media (max-width:767px){.elementor-toggle .elementor-tab-title{padding:12px}.elementor-toggle .elementor-tab-content{padding:12px 10px}}.e-con-inner>.elementor-widget-toggle,.e-con>.elementor-widget-toggle{width:var(--container-widget-width);--flex-grow:var(--container-widget-flex-grow)}<\/style>\n<p>\t\t\t\t\t\t\t\t\t\t\t\t<a tabindex=\"0\">COMO \u00c9 FEITA A INSTALA\u00c7\u00c3O?<\/a><\/p>\n<p>Voc\u00ea s\u00f3 precisa de acesso a internet sem precisar de ajuda de t\u00e9cnico, voc\u00ea mesmo faz a instala\u00e7\u00e3o de forma r\u00e1pida e simples.<\/p>\n<p>\t\t\t\t\t\t\t\t\t\t\t\t<a tabindex=\"0\">PRECISA DE INTERNET PARA FUNCIONAR ?<\/a><\/p>\n<p>Sim, nosso conte\u00fado \u00e9 100% online. Vc precisa de uma internet de qualidade de prefer\u00eancia no cabo de rede. Por isso disponibilizamos um per\u00edodo de teste totalmente gratuito para conhecer nosso conte\u00fado!<\/p>\n<p>\t\t\t\t\t\t\t\t\t\t\t\t<a tabindex=\"0\">PRECISA DE ESPECIALISTA PARA CONFIGURAR ?<\/a><\/p>\n<p>N\u00e3o, nosso sistema \u00e9 muito simples de instalar, ensinamos passo a passo detalhado pra voc\u00ea conseguir acompanhar e colocar tudo pra funcionar.<\/p>\n<p>\t\t\t\t\t\t\t\t\t\t\t\t<a tabindex=\"0\">COMO VOU RECEBER ?<\/a><\/p>\n<p>Imediatamente! Ap\u00f3s pagamento confirmado, nossa plataforma enviar\u00e1 no whatsapp o acesso ao portal do cliente, onde voc\u00ea ter\u00e1 todo conte\u00fado passo a passo para instalar o nosso sistema, suporte necess\u00e1rio para instala\u00e7\u00e3o e muito mais.<\/p>\n<p>\t\t\t\t\t\t\t\t\t\t\t\t<a tabindex=\"0\">A ULTRA SJCampos \u00c9 ADEQUADA PARA CRIAN\u00c7AS?<\/a><\/p>\n<p>A experi\u00eancia infantil da ULTRA SJCampos faz parte da sua assinatura para que as crian\u00e7as se divirtam em seu pr\u00f3prio espa\u00e7o com s\u00e9ries e filmes familiares sob a supervis\u00e3o dos respons\u00e1veis.<\/p>\n<p>\t\t\t<a href=\"https:\/\/api.whatsapp.com\/send\/?phone=5511916223446&#038;text=Ol%C3%A1%2C+Gostaria+de+fazer+um+teste+Gratuito%2C+Estou+vindo+do+Site+iptvsmartersbrasil.com&#038;type=phone_number&#038;app_absent=0\"><br \/>\n\t\t\t\t\t\tQUERO REALIZAR UM TESTE GR\u00c1TIS<br \/>\n\t\t\t\t\t<\/a><\/p>\n","protected":false},"excerpt":{"rendered":"<p>ULTRA SJCampos A MELHOR LISTA DE CANAIS, FILMES E S\u00c9RIES QUE VOC\u00ca VER\u00c1 EM SUA VIDA. REALIZAR TESTE GR\u00c1TIS QUER ASSISTIR TUDO QUE QUISER EM UM S\u00d3 LUGAR PAGANDO UM PRE\u00c7O JUSTO? https:\/\/sp.rmbl.ws\/s8\/2\/R\/b\/D\/r\/RbDrg.baa.mp4 ASSISTA AO V\u00cdDEO ACIMA E VEJA COMO FUNCIONA QUERO REALIZAR UM TESTE GR\u00c1TIS ASSISTA AONDE VOC\u00ca QUISER! A SMARTERS BRASIL oferece um [&hellip;]<\/p>\n","protected":false},"author":1,"featured_media":0,"parent":0,"menu_order":0,"comment_status":"closed","ping_status":"closed","template":"elementor_canvas","meta":{"footnotes":""},"class_list":["post-10","page","type-page","status-publish","hentry"],"_links":{"self":[{"href":"https:\/\/ultrasjctv.com\/index.php\/wp-json\/wp\/v2\/pages\/10"}],"collection":[{"href":"https:\/\/ultrasjctv.com\/index.php\/wp-json\/wp\/v2\/pages"}],"about":[{"href":"https:\/\/ultrasjctv.com\/index.php\/wp-json\/wp\/v2\/types\/page"}],"author":[{"embeddable":true,"href":"https:\/\/ultrasjctv.com\/index.php\/wp-json\/wp\/v2\/users\/1"}],"replies":[{"embeddable":true,"href":"https:\/\/ultrasjctv.com\/index.php\/wp-json\/wp\/v2\/comments?post=10"}],"version-history":[{"count":43,"href":"https:\/\/ultrasjctv.com\/index.php\/wp-json\/wp\/v2\/pages\/10\/revisions"}],"predecessor-version":[{"id":98,"href":"https:\/\/ultrasjctv.com\/index.php\/wp-json\/wp\/v2\/pages\/10\/revisions\/98"}],"wp:attachment":[{"href":"https:\/\/ultrasjctv.com\/index.php\/wp-json\/wp\/v2\/media?parent=10"}],"curies":[{"name":"wp","href":"https:\/\/api.w.org\/{rel}","templated":true}]}}